{"id":21,"date":"2023-01-14T21:50:23","date_gmt":"2023-01-14T20:50:23","guid":{"rendered":"http:\/\/www.muehl-motorsport.com\/wordpress\/?page_id=21"},"modified":"2026-02-01T21:25:01","modified_gmt":"2026-02-01T20:25:01","slug":"muehl-motorsport","status":"publish","type":"page","link":"http:\/\/www.muehl-motorsport.com\/wordpress\/","title":{"rendered":"M\u00fchl Motorsport"},"content":{"rendered":"\n<div class=\"alignnormal\"><div id=\"metaslider-id-68\" style=\"width: 100%;\" class=\"ml-slider-3-107-0 metaslider metaslider-responsive metaslider-68 ml-slider has-dots-nav ms-theme-default\" role=\"region\" aria-label=\"Startseite\" data-height=\"500\" data-width=\"1000\">\n    <div id=\"metaslider_container_68\">\n        <ul id='metaslider_68' class='rslides'>\n            <li aria-roledescription='slide' aria-labelledby='slide-0'><img loading=\"lazy\" decoding=\"async\" src=\"http:\/\/www.muehl-motorsport.com\/wordpress\/wp-content\/uploads\/2026\/01\/1000069912-scaled-1000x500.jpg\" height=\"500\" width=\"1000\" alt=\"\" class=\"slider-68 slide-729 msDefaultImage\" title=\"1000069912\" \/><\/li>\n            <li style='display: none;' aria-roledescription='slide' aria-labelledby='slide-1'><img loading=\"lazy\" decoding=\"async\" src=\"http:\/\/www.muehl-motorsport.com\/wordpress\/wp-content\/uploads\/2026\/01\/1000070660-1000x500.jpg\" height=\"500\" width=\"1000\" alt=\"\" class=\"slider-68 slide-730 msDefaultImage\" title=\"1000070660\" \/><\/li>\n            <li style='display: none;' aria-roledescription='slide' aria-labelledby='slide-2'><img loading=\"lazy\" decoding=\"async\" src=\"http:\/\/www.muehl-motorsport.com\/wordpress\/wp-content\/uploads\/2026\/01\/1000070662-1000x500.jpg\" height=\"500\" width=\"1000\" alt=\"\" class=\"slider-68 slide-731 msDefaultImage\" title=\"1000070662\" \/><\/li>\n            <li style='display: none;' aria-roledescription='slide' aria-labelledby='slide-3'><img loading=\"lazy\" decoding=\"async\" src=\"http:\/\/www.muehl-motorsport.com\/wordpress\/wp-content\/uploads\/2026\/01\/Astra-OPC-5-scaled-1000x500.jpg\" height=\"500\" width=\"1000\" alt=\"\" class=\"slider-68 slide-732 msDefaultImage\" title=\"Astra OPC 5\" \/><\/li>\n            <li style='display: none;' aria-roledescription='slide' aria-labelledby='slide-4'><img loading=\"lazy\" decoding=\"async\" src=\"http:\/\/www.muehl-motorsport.com\/wordpress\/wp-content\/uploads\/2026\/01\/BusOPC-640x320.jpg\" height=\"500\" width=\"1000\" alt=\"\" class=\"slider-68 slide-733 msDefaultImage\" title=\"Bus+OPC\" \/><\/li>\n            <li style='display: none;' aria-roledescription='slide' aria-labelledby='slide-5'><img loading=\"lazy\" decoding=\"async\" src=\"http:\/\/www.muehl-motorsport.com\/wordpress\/wp-content\/uploads\/2025\/04\/Astra-OPC-6-scaled-1000x500.jpg\" height=\"500\" width=\"1000\" alt=\"\" class=\"slider-68 slide-604 msDefaultImage\" title=\"Astra OPC 6\" \/><\/li>\n            <li style='display: none;' aria-roledescription='slide' aria-labelledby='slide-6'><img loading=\"lazy\" decoding=\"async\" src=\"http:\/\/www.muehl-motorsport.com\/wordpress\/wp-content\/uploads\/2025\/04\/Astra-OPC-1-scaled-1000x500.jpg\" height=\"500\" width=\"1000\" alt=\"\" class=\"slider-68 slide-605 msDefaultImage\" title=\"Astra OPC 1\" \/><\/li>\n        <\/ul>\n        \n    <\/div>\n<\/div><\/div>\n\n\n\n<p class=\"has-medium-font-size\"><strong>Willkommen auf der Webseite von M\u00fchl Motorsport<\/strong><\/p>\n\n\n\n<p class=\"has-medium-font-size\">Auf den nachfolgenden Seiten finden Sie alle Informationen zu unserem Team, den kommenden Terminen, Erfolgen der letzten Jahre und nat\u00fcrlich auch eine Galerie mit vielen Bildern und Videos zum Anschauen.<\/p>\n\n\n\n<p class=\"has-medium-font-size\">Beginn Faszination Motorsport<\/p>\n\n\n\n<p class=\"has-medium-font-size\">Als ich 1994 bei einer Rallye am Oschenberg bei Bindlach zugesehen habe, fasste ich kurz darauf den Entschluss selbst ins Lenkrad zu greifen.<\/p>\n\n\n\n<p class=\"has-medium-font-size\">Mit einem FIAT Ritmo 105 TC begannen die ersten Schritte im Rallyesport. Sp\u00e4ter wechselte ich auf den Ritmo Abarth 130 TC, erst mit 1600 ccm und sp\u00e4ter, nach einigen Entwicklungsstufen, auf den 2 Liter Rennmotor und H\u00f6rmann-Getriebe.<\/p>\n\n\n\n<p class=\"has-medium-font-size\">Das Potenzial des FIATs war sehr schnell ausgesch\u00f6pft und die \u00c4ra des OPEL Kadett GSI 16V begann. Die Basis, mit serienm\u00e4\u00dfig 150 PS, war sehr gut. Die Technik aktueller und Ersatzteile gab es an jeder Ecke. Es wurden verschiedene Versionen vom Youngtimer-, \u00fcber Vergaser- bis zur Einzeldrossel-Variante eingesetzt. Die ersten Erfolge stellten sich ein und Meisterschaften wurden gewonnen. Leider war die Haltbarkeit das gro\u00dfe \u00dcbel. Einige Motorsch\u00e4den und Ausf\u00e4lle, sowie hohe Reparaturkosten zwangen zu \u00dcberlegungen.<\/p>\n\n\n\n<p class=\"has-medium-font-size\">Meine Frau brachte mich auf die Idee einen BMW M3 einzusetzen &#8211; BMW??? Die Idee war gut und nach einer Wartephase bekam ich endlichen den wei\u00dfen M3 Compact, ein ehemaliges Bergauto, welches f\u00fcr die Rallyepisten erst umgebaut werden musste. Sofort kam ich mit dem neuen Antriebskonzept zur\u00fcck. Herausforderung, Geschwindigkeit, Leistung und Spa\u00dffaktor waren pl\u00f6tzlich die neuen Multiplikatoren.<br><br>Die Steigerung kam nun mit dem Umstieg auf den BMW M3 E46&nbsp; &#8211;&nbsp; der Rennwagen wurde auf Basis der Rohkarosse f\u00fcr den Einsatz im Motorsport\/Rallyesport gebaut und konzipiert. Der M3 war breiter, l\u00e4nger und schwerer als der Compact, die verbauten Komponenten aber sehr gut \u2013 nun war es die Aufgabe den neuen Boliden auf meinen Fahrstiel abzustimmen und die Vorteile des kompletten Paketes zu nutzen.<\/p>\n\n\n\n<p class=\"has-medium-font-size\">Back zu OPEL \u2013 das war die Enzscheidung f\u00fcr das Jahr 2025. Die fr\u00fcheren Zeiten mit dem OPEL Kadett GSI 16V liegen lange zur\u00fcck. Der Invest und die Einsatzkosten f\u00fcr einen M3 sind immense.<\/p>\n\n\n\n<p class=\"has-medium-font-size\">Der OPEL ASTRA OPC in der 2Liter Sauger-Version kam gerade gelegen und wurde als Einsatzfahrzeug angeschafft. Die Basis ist sehr gut aber viele Sachen m\u00fcssen verbessert und einiges optimiert werden. Der Rallye-Sport incl. der Co-Piloten hat sich in vielen Punkten ver\u00e4ndert \u2013 das Material incl. Reifen muss perfekt sein und ein halbherziger Auftritt ist nur verlorene Zeit.<\/p>\n\n\n\n<div class=\"wp-block-columns is-layout-flex wp-container-core-columns-is-layout-9d6595d7 wp-block-columns-is-layout-flex\">\n<div class=\"wp-block-column is-layout-flow wp-block-column-is-layout-flow\"><\/div>\n<\/div>\n\n\n\n<p class=\"has-text-align-center has-large-font-size\" style=\"font-style:normal;font-weight:700\">Das Team<\/p>\n\n\n\n<div class=\"wp-block-columns is-layout-flex wp-container-core-columns-is-layout-9d6595d7 wp-block-columns-is-layout-flex\">\n<div class=\"wp-block-column is-layout-flow wp-block-column-is-layout-flow\">\n<p style=\"font-size:17px\"><\/p>\n\n\n<div class=\"wp-block-image is-style-rounded\">\n<figure class=\"aligncenter size-full is-resized\"><img loading=\"lazy\" decoding=\"async\" width=\"1017\" height=\"1200\" src=\"http:\/\/www.muehl-motorsport.com\/wordpress\/wp-content\/uploads\/2025\/06\/ich-3.jpg\" alt=\"\" class=\"wp-image-632\" style=\"aspect-ratio:0.8474861100634111;width:215px;height:auto\" srcset=\"http:\/\/www.muehl-motorsport.com\/wordpress\/wp-content\/uploads\/2025\/06\/ich-3.jpg 1017w, http:\/\/www.muehl-motorsport.com\/wordpress\/wp-content\/uploads\/2025\/06\/ich-3-254x300.jpg 254w, http:\/\/www.muehl-motorsport.com\/wordpress\/wp-content\/uploads\/2025\/06\/ich-3-868x1024.jpg 868w, http:\/\/www.muehl-motorsport.com\/wordpress\/wp-content\/uploads\/2025\/06\/ich-3-768x906.jpg 768w\" sizes=\"auto, (max-width: 1017px) 100vw, 1017px\" \/><\/figure>\n<\/div>\n\n\n<p><\/p>\n\n\n\n<p class=\"has-text-align-center\"><br><strong>Name:&nbsp;Werner M\u00fchl<\/strong><\/p>\n\n\n\n<p class=\"has-text-align-center\"><strong>Wohnort<\/strong><strong>:&nbsp; <\/strong><strong>Gefrees<\/strong><\/p>\n\n\n\n<p class=\"has-text-align-center\"><strong>Tel.: 0179\/3922093<\/strong><\/p>\n\n\n\n<p class=\"has-text-align-center\"><strong>E-Mail:&nbsp; <\/strong><strong>w.muehl-motorsport<\/strong><strong>@t-<\/strong><strong>online.de<\/strong><strong>&nbsp;<\/strong><\/p>\n\n\n\n<p class=\"has-text-align-center\"><strong>Geboren: 29.08.1968<\/strong><\/p>\n\n\n\n<p class=\"has-text-align-center\"><strong>Familienst<\/strong><strong>.: <\/strong><strong>verheiratet<\/strong><\/p>\n\n\n\n<p class=\"has-text-align-center\"><strong>Beruf:&nbsp;Kundenservice \/<\/strong> <strong>Kundenberater<\/strong> <strong><em>Motor-Gruppe-Sticht<\/em><\/strong><\/p>\n<\/div>\n\n\n\n<div class=\"wp-block-column is-layout-flow wp-block-column-is-layout-flow\">\n<h3 class=\"wp-block-heading\"><\/h3>\n\n\n<div class=\"wp-block-image is-style-rounded\">\n<figure class=\"aligncenter size-full is-resized\"><img loading=\"lazy\" decoding=\"async\" width=\"184\" height=\"150\" src=\"https:\/\/www.muehl-motorsport.com\/wordpress\/wp-content\/uploads\/2025\/12\/Ich.jpg\" alt=\"\" class=\"wp-image-717\" style=\"width:238px;height:auto\"\/><\/figure>\n<\/div>\n\n\n<p><br><\/p>\n\n\n\n<p class=\"has-text-align-center\"><br><strong><strong>Name<\/strong><\/strong>: <strong>Bernd Hartbauer<\/strong><\/p>\n\n\n\n<p class=\"has-text-align-center\"><strong>Wohnort : Sargans<\/strong><\/p>\n\n\n\n<p class=\"has-text-align-center\"><strong>E-Mail:&nbsp; bernd.hartbauer@gmail.com<\/strong><\/p>\n\n\n\n<p class=\"has-text-align-center\"><strong>Familienst.:&nbsp;&nbsp;gl\u00fccklicher Single<\/strong><\/p>\n\n\n\n<p class=\"has-text-align-center\"><strong>Beruf:&nbsp; Servicetechniker bei St\u00e4ubli Sargans AG<\/strong><\/p>\n\n\n\n<p class=\"has-text-align-center\"><\/p>\n<\/div>\n<\/div>\n\n\n\n<div class=\"wp-block-group\"><div class=\"wp-block-group__inner-container is-layout-constrained wp-block-group-is-layout-constrained\">\n<div class=\"wp-block-group\"><div class=\"wp-block-group__inner-container is-layout-constrained wp-block-group-is-layout-constrained\">\n<div class=\"wp-block-columns is-not-stacked-on-mobile is-layout-flex wp-container-core-columns-is-layout-9d6595d7 wp-block-columns-is-layout-flex\">\n<div class=\"wp-block-column is-layout-flow wp-block-column-is-layout-flow\">\n<div class=\"wp-block-columns is-layout-flex wp-container-core-columns-is-layout-9d6595d7 wp-block-columns-is-layout-flex\">\n<div class=\"wp-block-column is-vertically-aligned-center is-layout-flow wp-block-column-is-layout-flow\"><div class=\"wp-block-image is-style-rounded\">\n<figure class=\"aligncenter size-large is-resized\"><img loading=\"lazy\" decoding=\"async\" width=\"672\" height=\"1024\" src=\"http:\/\/www.muehl-motorsport.com\/wordpress\/wp-content\/uploads\/2026\/01\/IMG-20260122-WA0008-1-672x1024.jpg\" alt=\"\" class=\"wp-image-737\" style=\"aspect-ratio:0.6562499784190087;width:165px;height:auto\" srcset=\"http:\/\/www.muehl-motorsport.com\/wordpress\/wp-content\/uploads\/2026\/01\/IMG-20260122-WA0008-1-672x1024.jpg 672w, http:\/\/www.muehl-motorsport.com\/wordpress\/wp-content\/uploads\/2026\/01\/IMG-20260122-WA0008-1-197x300.jpg 197w, http:\/\/www.muehl-motorsport.com\/wordpress\/wp-content\/uploads\/2026\/01\/IMG-20260122-WA0008-1-768x1171.jpg 768w, http:\/\/www.muehl-motorsport.com\/wordpress\/wp-content\/uploads\/2026\/01\/IMG-20260122-WA0008-1-1007x1536.jpg 1007w, http:\/\/www.muehl-motorsport.com\/wordpress\/wp-content\/uploads\/2026\/01\/IMG-20260122-WA0008-1.jpg 1343w\" sizes=\"auto, (max-width: 672px) 100vw, 672px\" \/><\/figure>\n<\/div>\n\n\n<p class=\"has-text-align-center\" style=\"font-size:15px\"><strong>Name: Sinja Roos<\/strong><\/p>\n\n\n\n<p class=\"has-text-align-center\" style=\"font-size:15px\"><strong>Wohnort: W\u00fcrzburg<\/strong><\/p>\n\n\n\n<p class=\"has-text-align-center\" style=\"font-size:15px\"><strong>Tel: 0176\/55062626<\/strong><\/p>\n\n\n\n<p class=\"has-text-align-center\" style=\"font-size:15px\"><strong>Familienstand: leiert<\/strong><\/p>\n\n\n\n<p class=\"has-text-align-center\" style=\"font-size:15px\"><strong>Beruf: Sozialversicherungsfachangestellt<\/strong><\/p>\n<\/div>\n\n\n\n<div class=\"wp-block-column is-layout-flow wp-block-column-is-layout-flow\"><div class=\"wp-block-image is-style-rounded\">\n<figure class=\"aligncenter size-full is-resized\"><img loading=\"lazy\" decoding=\"async\" width=\"960\" height=\"640\" src=\"https:\/\/www.muehl-motorsport.com\/wordpress\/wp-content\/uploads\/2025\/06\/IMG-20250324-WA0003-2.jpg\" alt=\"\" class=\"wp-image-630\" style=\"aspect-ratio:1.4999999429222377;width:303px;height:auto\" srcset=\"http:\/\/www.muehl-motorsport.com\/wordpress\/wp-content\/uploads\/2025\/06\/IMG-20250324-WA0003-2.jpg 960w, http:\/\/www.muehl-motorsport.com\/wordpress\/wp-content\/uploads\/2025\/06\/IMG-20250324-WA0003-2-300x200.jpg 300w, http:\/\/www.muehl-motorsport.com\/wordpress\/wp-content\/uploads\/2025\/06\/IMG-20250324-WA0003-2-768x512.jpg 768w\" sizes=\"auto, (max-width: 960px) 100vw, 960px\" \/><\/figure>\n<\/div>\n\n\n<p class=\"has-text-align-center\" style=\"font-size:15px\"><br><br><strong>Name: \u00a0Johannes Schreiner<\/strong><\/p>\n\n\n\n<p class=\"has-text-align-center\" style=\"font-size:15px\"><strong>Wohnort:&nbsp; Marktschorgast<\/strong><\/p>\n\n\n\n<p class=\"has-text-align-center\" style=\"font-size:15px\"><strong>Tel: 01512 2006978<\/strong><\/p>\n\n\n\n<p class=\"has-text-align-center\" style=\"font-size:15px\"><strong>Mail: v8.scania@web.de<\/strong><\/p>\n\n\n\n<p class=\"has-text-align-center\" style=\"font-size:15px\"><strong>Beruf: Berufskraftfahrer<\/strong><\/p>\n<\/div>\n<\/div>\n<\/div>\n<\/div>\n\n\n\n<div class=\"wp-block-columns is-not-stacked-on-mobile is-layout-flex wp-container-core-columns-is-layout-9d6595d7 wp-block-columns-is-layout-flex\">\n<div class=\"wp-block-column is-layout-flow wp-block-column-is-layout-flow\">\n<p class=\"has-text-align-center\" style=\"font-size:15px\"><\/p>\n<\/div>\n<\/div>\n<\/div><\/div>\n<\/div><\/div>\n\n\n\n<h2 class=\"wp-block-heading\"><\/h2>\n\n\n\n<div class=\"wp-block-columns is-layout-flex wp-container-core-columns-is-layout-9d6595d7 wp-block-columns-is-layout-flex\">\n<div class=\"wp-block-column is-layout-flow wp-block-column-is-layout-flow\"><div class=\"wp-block-image\">\n<figure class=\"aligncenter size-full\"><a href=\"https:\/\/www.liqui-moly.com\/de\/de\/\"><img loading=\"lazy\" decoding=\"async\" width=\"278\" height=\"181\" src=\"https:\/\/www.muehl-motorsport.com\/wordpress\/wp-content\/uploads\/2026\/01\/grafik.png\" alt=\"\" class=\"wp-image-742\"\/><\/a><\/figure>\n<\/div><\/div>\n\n\n\n<div class=\"wp-block-column is-layout-flow wp-block-column-is-layout-flow\"><div class=\"wp-block-image\">\n<figure class=\"aligncenter size-full\"><a href=\"https:\/\/baiergmbh.de\/\"><img loading=\"lazy\" decoding=\"async\" width=\"310\" height=\"163\" src=\"https:\/\/www.muehl-motorsport.com\/wordpress\/wp-content\/uploads\/2026\/01\/Baier.png\" alt=\"\" class=\"wp-image-745\" srcset=\"http:\/\/www.muehl-motorsport.com\/wordpress\/wp-content\/uploads\/2026\/01\/Baier.png 310w, http:\/\/www.muehl-motorsport.com\/wordpress\/wp-content\/uploads\/2026\/01\/Baier-300x158.png 300w\" sizes=\"auto, (max-width: 310px) 100vw, 310px\" \/><\/a><\/figure>\n<\/div>\n\n\n<p><a href=\"https:\/\/web.archive.org\/web\/20220418160434\/https:\/\/baiergmbh.de\/\"><\/a><\/p>\n<\/div>\n\n\n\n<div class=\"wp-block-column is-layout-flow wp-block-column-is-layout-flow\"><div class=\"wp-block-image\">\n<figure class=\"aligncenter size-full\"><a href=\"https:\/\/www.kreuzers-backhaeusla.de\/\"><img loading=\"lazy\" decoding=\"async\" width=\"800\" height=\"405\" src=\"https:\/\/www.muehl-motorsport.com\/wordpress\/wp-content\/uploads\/2026\/01\/545001_210722_102727HN_logo_800px.jpg\" alt=\"\" class=\"wp-image-746\" srcset=\"http:\/\/www.muehl-motorsport.com\/wordpress\/wp-content\/uploads\/2026\/01\/545001_210722_102727HN_logo_800px.jpg 800w, http:\/\/www.muehl-motorsport.com\/wordpress\/wp-content\/uploads\/2026\/01\/545001_210722_102727HN_logo_800px-300x152.jpg 300w, http:\/\/www.muehl-motorsport.com\/wordpress\/wp-content\/uploads\/2026\/01\/545001_210722_102727HN_logo_800px-768x389.jpg 768w\" sizes=\"auto, (max-width: 800px) 100vw, 800px\" \/><\/a><\/figure>\n<\/div><\/div>\n<\/div>\n\n\n\n<div class=\"wp-block-columns is-layout-flex wp-container-core-columns-is-layout-9d6595d7 wp-block-columns-is-layout-flex\">\n<div class=\"wp-block-column is-layout-flow wp-block-column-is-layout-flow\">\n<p><br><br><a href=\"https:\/\/web.archive.org\/web\/20220418160434\/https:\/\/www.petec.de\/home\/\"><\/a><\/p>\n\n\n<div class=\"wp-block-image\">\n<figure class=\"aligncenter size-full\"><a href=\"https:\/\/petec.de\/\"><img loading=\"lazy\" decoding=\"async\" width=\"267\" height=\"84\" src=\"https:\/\/www.muehl-motorsport.com\/wordpress\/wp-content\/uploads\/2026\/01\/logo_petec_sd.png\" alt=\"\" class=\"wp-image-749\"\/><\/a><\/figure>\n<\/div><\/div>\n\n\n\n<div class=\"wp-block-column is-layout-flow wp-block-column-is-layout-flow\">\n<p><a href=\"https:\/\/web.archive.org\/web\/20220418160434\/https:\/\/vsgdover.com\/\"><\/a><\/p>\n\n\n<div class=\"wp-block-image\">\n<figure class=\"aligncenter size-full\"><a href=\"https:\/\/www.henkel.de\/\"><img loading=\"lazy\" decoding=\"async\" width=\"300\" height=\"179\" src=\"https:\/\/www.muehl-motorsport.com\/wordpress\/wp-content\/uploads\/2026\/01\/henkel.png\" alt=\"\" class=\"wp-image-751\"\/><\/a><\/figure>\n<\/div><\/div>\n\n\n\n<div class=\"wp-block-column is-layout-flow wp-block-column-is-layout-flow\">\n<p><a href=\"https:\/\/web.archive.org\/web\/20220418160434\/http:\/\/www.kreuzers-backhaeusla.de\/\"><\/a><\/p>\n\n\n<div class=\"wp-block-image\">\n<figure class=\"aligncenter size-full\"><a href=\"https:\/\/csl-carstyling.de\/\" target=\"_blank\" rel=\"noreferrer noopener\"><img loading=\"lazy\" decoding=\"async\" width=\"254\" height=\"198\" src=\"http:\/\/www.muehl-motorsport.com\/wordpress\/wp-content\/uploads\/2024\/03\/Unbenannt.png\" alt=\"\" class=\"wp-image-416\"\/><\/a><\/figure>\n<\/div><\/div>\n<\/div>\n\n\n\n<div class=\"wp-block-columns is-layout-flex wp-container-core-columns-is-layout-9d6595d7 wp-block-columns-is-layout-flex\">\n<div class=\"wp-block-column is-layout-flow wp-block-column-is-layout-flow\">\n<p><a href=\"https:\/\/web.archive.org\/web\/20220418160434\/https:\/\/www.reifen1plus.de\/\"><\/a><\/p>\n\n\n<div class=\"wp-block-image\">\n<figure class=\"aligncenter size-full is-resized\"><a href=\"https:\/\/www.reifen1plus.de\/\"><img loading=\"lazy\" decoding=\"async\" width=\"160\" height=\"64\" src=\"https:\/\/www.muehl-motorsport.com\/wordpress\/wp-content\/uploads\/2026\/01\/Reifen1.png\" alt=\"\" class=\"wp-image-755\" style=\"width:212px;height:auto\"\/><\/a><\/figure>\n<\/div><\/div>\n\n\n\n<div class=\"wp-block-column is-layout-flow wp-block-column-is-layout-flow\">\n<p><a href=\"https:\/\/web.archive.org\/web\/20220418160434\/https:\/\/www.mgs-autozentrum.de\/de\/startseite\"><\/a><\/p>\n\n\n<div class=\"wp-block-image\">\n<figure class=\"aligncenter size-full is-resized\"><a href=\"https:\/\/www.mgs-autozentrum.de\/\"><img loading=\"lazy\" decoding=\"async\" width=\"183\" height=\"60\" src=\"https:\/\/www.muehl-motorsport.com\/wordpress\/wp-content\/uploads\/2026\/01\/image002.png\" alt=\"\" class=\"wp-image-756\" style=\"width:261px;height:auto\"\/><\/a><\/figure>\n<\/div><\/div>\n\n\n\n<div class=\"wp-block-column is-layout-flow wp-block-column-is-layout-flow\">\n<p><a href=\"https:\/\/web.archive.org\/web\/20220418160434\/https:\/\/www.henkel.de\/\"><\/a><\/p>\n\n\n<div class=\"wp-block-image\">\n<figure class=\"aligncenter size-full is-resized\"><a href=\"https:\/\/vertretung.allianz.de\/allianz.leupold\/\"><img loading=\"lazy\" decoding=\"async\" width=\"180\" height=\"74\" src=\"https:\/\/www.muehl-motorsport.com\/wordpress\/wp-content\/uploads\/2026\/01\/Allianz_Thomas_Leupold.png\" alt=\"\" class=\"wp-image-757\" style=\"width:253px;height:auto\"\/><\/a><\/figure>\n<\/div><\/div>\n<\/div>\n\n\n\n<div class=\"wp-block-columns is-layout-flex wp-container-core-columns-is-layout-9d6595d7 wp-block-columns-is-layout-flex\">\n<div class=\"wp-block-column is-layout-flow wp-block-column-is-layout-flow\">\n<p><a href=\"https:\/\/web.archive.org\/web\/20220418160434\/https:\/\/www.webasto.com\/de\/\"><\/a><\/p>\n\n\n<div class=\"wp-block-image\">\n<figure class=\"aligncenter size-full\"><a href=\"https:\/\/www.henkel.de\/\"><img loading=\"lazy\" decoding=\"async\" width=\"300\" height=\"81\" src=\"https:\/\/www.muehl-motorsport.com\/wordpress\/wp-content\/uploads\/2026\/01\/loctite.png\" alt=\"\" class=\"wp-image-759\"\/><\/a><\/figure>\n<\/div><\/div>\n\n\n\n<div class=\"wp-block-column is-layout-flow wp-block-column-is-layout-flow\"><\/div>\n\n\n\n<div class=\"wp-block-column is-layout-flow wp-block-column-is-layout-flow\"><div class=\"wp-block-image\">\n<figure class=\"aligncenter size-full\"><a href=\"https:\/\/www.kfz-sachverstaendige-heintges.de\/\"><img loading=\"lazy\" decoding=\"async\" width=\"789\" height=\"555\" src=\"http:\/\/www.muehl-motorsport.com\/wordpress\/wp-content\/uploads\/2023\/01\/grafik-3.png\" alt=\"\" class=\"wp-image-114\" srcset=\"http:\/\/www.muehl-motorsport.com\/wordpress\/wp-content\/uploads\/2023\/01\/grafik-3.png 789w, http:\/\/www.muehl-motorsport.com\/wordpress\/wp-content\/uploads\/2023\/01\/grafik-3-300x211.png 300w, http:\/\/www.muehl-motorsport.com\/wordpress\/wp-content\/uploads\/2023\/01\/grafik-3-768x540.png 768w\" sizes=\"auto, (max-width: 789px) 100vw, 789px\" \/><\/a><\/figure>\n<\/div><\/div>\n<\/div>\n","protected":false},"excerpt":{"rendered":"<p>Willkommen auf der Webseite von M\u00fchl Motorsport Auf den nachfolgenden Seiten finden Sie alle Informationen zu unserem Team, den kommenden Terminen, Erfolgen der letzten Jahre und nat\u00fcrlich auch eine Galerie mit vielen Bildern und Videos zum Anschauen. Beginn Faszination Motorsport Als ich 1994 bei einer Rallye am Oschenberg bei Bindlach zugesehen habe, fasste ich kurz [&hellip;]<\/p>\n","protected":false},"author":1,"featured_media":0,"parent":0,"menu_order":0,"comment_status":"closed","ping_status":"closed","template":"","meta":{"footnotes":""},"class_list":["post-21","page","type-page","status-publish","hentry","entry"],"_links":{"self":[{"href":"http:\/\/www.muehl-motorsport.com\/wordpress\/wp-json\/wp\/v2\/pages\/21","targetHints":{"allow":["GET"]}}],"collection":[{"href":"http:\/\/www.muehl-motorsport.com\/wordpress\/wp-json\/wp\/v2\/pages"}],"about":[{"href":"http:\/\/www.muehl-motorsport.com\/wordpress\/wp-json\/wp\/v2\/types\/page"}],"author":[{"embeddable":true,"href":"http:\/\/www.muehl-motorsport.com\/wordpress\/wp-json\/wp\/v2\/users\/1"}],"replies":[{"embeddable":true,"href":"http:\/\/www.muehl-motorsport.com\/wordpress\/wp-json\/wp\/v2\/comments?post=21"}],"version-history":[{"count":46,"href":"http:\/\/www.muehl-motorsport.com\/wordpress\/wp-json\/wp\/v2\/pages\/21\/revisions"}],"predecessor-version":[{"id":767,"href":"http:\/\/www.muehl-motorsport.com\/wordpress\/wp-json\/wp\/v2\/pages\/21\/revisions\/767"}],"wp:attachment":[{"href":"http:\/\/www.muehl-motorsport.com\/wordpress\/wp-json\/wp\/v2\/media?parent=21"}],"curies":[{"name":"wp","href":"https:\/\/api.w.org\/{rel}","templated":true}]}}